{"id":16,"date":"2021-05-26T12:28:50","date_gmt":"2021-05-26T12:28:50","guid":{"rendered":"http:\/\/www.happybalance.fi\/?page_id=16"},"modified":"2022-08-01T08:16:13","modified_gmt":"2022-08-01T08:16:13","slug":"kokonaisvaltaista-hyvinvointia","status":"publish","type":"page","link":"http:\/\/www.happybalance.fi\/","title":{"rendered":"Happy Balance &#8211; kokonaisvaltaista hyvinvointia yksil\u00f6llisesti"},"content":{"rendered":"\n<p><\/p>\n\n\n\n<div class=\"wp-block-image\"><figure class=\"aligncenter\"><img loading=\"lazy\" width=\"228\" height=\"341\" src=\"http:\/\/www.happybalance.fi\/wp-content\/uploads\/2021\/05\/Aidin-ottama-hyva-kuva-Mervista-2018.jpg\" alt=\"\" class=\"wp-image-33\" srcset=\"http:\/\/www.happybalance.fi\/wp-content\/uploads\/2021\/05\/Aidin-ottama-hyva-kuva-Mervista-2018.jpg 228w, http:\/\/www.happybalance.fi\/wp-content\/uploads\/2021\/05\/Aidin-ottama-hyva-kuva-Mervista-2018-201x300.jpg 201w\" sizes=\"(max-width: 228px) 100vw, 228px\" \/><figcaption><strong>Diplomiravintoterapeutti <\/strong><br><strong>Mervi Kukkohovi <\/strong><br><br>on valmistunut Terveysopisto Saluksesta, jossa opetus perustuu viralliseen ravinto-opin, funktionaalisen l\u00e4\u00e4ketieteen sek\u00e4 luontaisl\u00e4\u00e4ketieteen ravitsemustietopohjaan. H\u00e4n on kiinnostunut hyvinvoinnista kokonaisvaltaisesti ja syvent\u00e4\u00e4 osaamistaan jatkuvasti. <br><br>Erityisosaamisalueena h\u00e4nell\u00e4 on vatsan- ja suolikanavan h\u00e4iri\u00f6t sek\u00e4 erilaiset ruoka-aineallergiat ja intoleranssit. Mervi on perehtynyt my\u00f6s korva-akupunktioon. H\u00e4nen l\u00e4hestymistapansa kiteytyy sanoihin: \u201dkokonaisvaltaista hyvinvointia yksil\u00f6llisesti\u201d.<br><br> <br><br><\/figcaption><\/figure><\/div>\n\n\n\n<div class=\"wp-block-columns\">\n<div class=\"wp-block-column\"><\/div>\n\n\n\n<div class=\"wp-block-column\"><\/div>\n<\/div>\n","protected":false},"excerpt":{"rendered":"<div class=\"slide-text-bg2\"><span><\/span><\/div>\n","protected":false},"author":1,"featured_media":0,"parent":0,"menu_order":0,"comment_status":"closed","ping_status":"closed","template":"","meta":[],"_links":{"self":[{"href":"http:\/\/www.happybalance.fi\/index.php\/wp-json\/wp\/v2\/pages\/16"}],"collection":[{"href":"http:\/\/www.happybalance.fi\/index.php\/wp-json\/wp\/v2\/pages"}],"about":[{"href":"http:\/\/www.happybalance.fi\/index.php\/wp-json\/wp\/v2\/types\/page"}],"author":[{"embeddable":true,"href":"http:\/\/www.happybalance.fi\/index.php\/wp-json\/wp\/v2\/users\/1"}],"replies":[{"embeddable":true,"href":"http:\/\/www.happybalance.fi\/index.php\/wp-json\/wp\/v2\/comments?post=16"}],"version-history":[{"count":12,"href":"http:\/\/www.happybalance.fi\/index.php\/wp-json\/wp\/v2\/pages\/16\/revisions"}],"predecessor-version":[{"id":65,"href":"http:\/\/www.happybalance.fi\/index.php\/wp-json\/wp\/v2\/pages\/16\/revisions\/65"}],"wp:attachment":[{"href":"http:\/\/www.happybalance.fi\/index.php\/wp-json\/wp\/v2\/media?parent=16"}],"curies":[{"name":"wp","href":"https:\/\/api.w.org\/{rel}","templated":true}]}}