{"id":47,"date":"2021-06-02T13:23:22","date_gmt":"2021-06-02T13:23:22","guid":{"rendered":"http:\/\/www.happybalance.fi\/?page_id=47"},"modified":"2022-04-27T10:08:26","modified_gmt":"2022-04-27T10:08:26","slug":"hinnasto","status":"publish","type":"page","link":"http:\/\/www.happybalance.fi\/index.php\/hinnasto\/","title":{"rendered":"Hinnasto"},"content":{"rendered":"\n<ul><li><strong>Ensimm\u00e4inen tapaaminen (1,5h)<\/strong>, jossa kartoitamme tarpeesi ja teemme yksil\u00f6llisen suunnitelman <strong>195\u20ac<\/strong> <\/li><\/ul>\n\n\n\n<ul><li><strong>Jatkotapaamiset (1h) 145\u20ac \/ kerta <\/strong><\/li><\/ul>\n\n\n\n<ul><li><strong>Kolmen tapaamiskerran kokonaisuus 440\u20ac <\/strong>(maksu suoritetaan ensimm\u00e4isen tapaamisen yhteydess\u00e4 ja kaksi seuraavaa kertaa tulee k\u00e4ytt\u00e4\u00e4 9kk kuluessa ensimm\u00e4isest\u00e4 tapaamisesta)<\/li><\/ul>\n\n\n\n<p><\/p>\n","protected":false},"excerpt":{"rendered":"<div class=\"slide-text-bg2\"><span>Ensimm\u00e4inen tapaaminen (1,5h), jossa kartoitamme tarpeesi ja teemme yksil\u00f6llisen suunnitelman 195\u20ac Jatkotapaamiset (1h) 145\u20ac \/ kerta Kolmen tapaamisk<\/span><\/div>\n<div class=\"slide-btn-area-sm\"><a href=\"http:\/\/www.happybalance.fi\/index.php\/hinnasto\/\" class=\"slide-btn-sm\">Read More<\/a><\/div>\n","protected":false},"author":1,"featured_media":0,"parent":0,"menu_order":4,"comment_status":"closed","ping_status":"closed","template":"","meta":[],"_links":{"self":[{"href":"http:\/\/www.happybalance.fi\/index.php\/wp-json\/wp\/v2\/pages\/47"}],"collection":[{"href":"http:\/\/www.happybalance.fi\/index.php\/wp-json\/wp\/v2\/pages"}],"about":[{"href":"http:\/\/www.happybalance.fi\/index.php\/wp-json\/wp\/v2\/types\/page"}],"author":[{"embeddable":true,"href":"http:\/\/www.happybalance.fi\/index.php\/wp-json\/wp\/v2\/users\/1"}],"replies":[{"embeddable":true,"href":"http:\/\/www.happybalance.fi\/index.php\/wp-json\/wp\/v2\/comments?post=47"}],"version-history":[{"count":7,"href":"http:\/\/www.happybalance.fi\/index.php\/wp-json\/wp\/v2\/pages\/47\/revisions"}],"predecessor-version":[{"id":60,"href":"http:\/\/www.happybalance.fi\/index.php\/wp-json\/wp\/v2\/pages\/47\/revisions\/60"}],"wp:attachment":[{"href":"http:\/\/www.happybalance.fi\/index.php\/wp-json\/wp\/v2\/media?parent=47"}],"curies":[{"name":"wp","href":"https:\/\/api.w.org\/{rel}","templated":true}]}}